{"id":1336,"date":"2020-03-13T02:41:32","date_gmt":"2020-03-13T02:41:32","guid":{"rendered":"https:\/\/woyproject.com\/PINA%20CABRAL\/?page_id=1336"},"modified":"2020-04-07T16:23:45","modified_gmt":"2020-04-07T16:23:45","slug":"preparacao-para-exames","status":"publish","type":"page","link":"https:\/\/pinacabral.com\/index.php\/preparacao-para-exames\/","title":{"rendered":"Prepara\u00e7\u00e3o para exames"},"content":{"rendered":"<p>[vc_row full_width=&#8221;stretch_row&#8221; equal_height=&#8221;yes&#8221; css=&#8221;.vc_custom_1584068016396{margin-top: -45px !important;padding-bottom: 30px !important;background-position: 0 0 !important;background-repeat: no-repeat !important;}&#8221; mobile_bg_img_hidden=&#8221;no&#8221; woodmart_parallax=&#8221;0&#8243; woodmart_gradient_switch=&#8221;no&#8221; row_reverse_mobile=&#8221;0&#8243; row_reverse_tablet=&#8221;0&#8243; woodmart_disable_overflow=&#8221;0&#8243;][vc_column width=&#8221;1\/4&#8243; css=&#8221;.vc_custom_1534240329851{padding-top: 0px !important;}&#8221;][vc_empty_space woodmart_hide_large=&#8221;0&#8243; woodmart_hide_medium=&#8221;0&#8243; woodmart_hide_small=&#8221;0&#8243; woodmart_hide_extra_small=&#8221;0&#8243;]\t\t<div class=\"promo-banner-wrapper\">\n\t\t\t<div id=\"wd-5e6af5116ca9f\" class=\"promo-banner banner-vr-align-top banner-hr-align-left banner- banner-hover-zoom color-scheme-light banner-btn-size-default banner-btn-style-default \"  >\n\n\t\t\t\t<div class=\"main-wrapp-img\">\n\t\t\t\t\t<div class=\"banner-image\">\n\t\t\t\t\t\t\t\t\t\t\t\t\t\t\t\t\t\t\t\t\t\t\t\t\t\t\t\t\t<img width=\"334\" height=\"500\" src=\"data:image\/jpg;base64,\/9j\/4AAQSkZJRgABAQEAYABgAAD\/\/gA7Q1JFQVRPUjogZ2QtanBlZyB2MS4wICh1c2luZyBJSkcgSlBFRyB2NjIpLCBxdWFsaXR5ID0gODIK\/9sAQwAGBAQFBAQGBQUFBgYGBwkOCQkICAkSDQ0KDhUSFhYVEhQUFxohHBcYHxkUFB0nHR8iIyUlJRYcKSwoJCshJCUk\/9sAQwEGBgYJCAkRCQkRJBgUGCQkJCQkJCQkJCQkJCQkJCQkJCQkJCQkJCQkJCQkJCQkJCQkJCQkJCQkJCQkJCQkJCQk\/8AAEQgADwAKAwEiAAIRAQMRAf\/EAB8AAAEFAQEBAQEBAAAAAAAAAAABAgMEBQYHCAkKC\/\/EALUQAAIBAwMCBAMFBQQEAAABfQECAwAEEQUSITFBBhNRYQcicRQygZGhCCNCscEVUtHwJDNicoIJChYXGBkaJSYnKCkqNDU2Nzg5OkNERUZHSElKU1RVVldYWVpjZGVmZ2hpanN0dXZ3eHl6g4SFhoeIiYqSk5SVlpeYmZqio6Slpqeoqaqys7S1tre4ubrCw8TFxsfIycrS09TV1tfY2drh4uPk5ebn6Onq8fLz9PX29\/j5+v\/EAB8BAAMBAQEBAQEBAQEAAAAAAAABAgMEBQYHCAkKC\/\/EALURAAIBAgQEAwQHBQQEAAECdwABAgMRBAUhMQYSQVEHYXETIjKBCBRCkaGxwQkjM1LwFWJy0QoWJDThJfEXGBkaJicoKSo1Njc4OTpDREVGR0hJSlNUVVZXWFlaY2RlZmdoaWpzdHV2d3h5eoKDhIWGh4iJipKTlJWWl5iZmqKjpKWmp6ipqrKztLW2t7i5usLDxMXGx8jJytLT1NXW19jZ2uLj5OXm5+jp6vLz9PX29\/j5+v\/aAAwDAQACEQMRAD8A9T8Rm117w1qenahaw6fa21yipc3u0o5GSWKkcLkdz0ORjipo9c1C3jSGLV7IRxgKoRMrgcDB2nIrz6\/8WRa\/pVxp91vntnvNs6u5XkAjK4Bxz\/KoJPAFncSNN5CJ5hL7VnOBnnA+TpWkIqKM\/ae0Wj0P\/9k=\" class=\"promo-banner-image image-1 attachment-full woodmart-lazy-load woodmart-lazy-fade\" alt=\"\" decoding=\"async\" loading=\"lazy\" srcset=\"\" sizes=\"(max-width: 334px) 100vw, 334px\" data-src=\"https:\/\/pinacabral.com\/wp-content\/uploads\/2020\/03\/500_F_235629545_jRw3ZFLFjLnt6QObWEZLOOa578aBJoVs.jpg\" data-srcset=\"https:\/\/pinacabral.com\/wp-content\/uploads\/2020\/03\/500_F_235629545_jRw3ZFLFjLnt6QObWEZLOOa578aBJoVs.jpg 334w, https:\/\/pinacabral.com\/wp-content\/uploads\/2020\/03\/500_F_235629545_jRw3ZFLFjLnt6QObWEZLOOa578aBJoVs-200x300.jpg 200w\" \/>\t\t\t\t\t\t\t\t\t\t\t\t\t\t\t\t\t\t<\/div>\n\t\t\t\t<\/div>\n\n\t\t\t\t<div class=\"wrapper-content-banner \">\n\t\t\t\t\t<div class=\"content-banner text-left content-width-100\">\n\t\t\t\t\t\t\t<div class=\"banner-title-wrap banner-title-default\"><\/div>\n\t\t\t\t\t\t\t\t\t\t\t\t\t\t\t\t\t<\/div>\n\t\t\t\t<\/div>\n\t\t\t\t<style><\/style>\t\t\t<\/div>\n\t\t<\/div>\n\t\t\n\t\t[\/vc_column][vc_column width=&#8221;3\/4&#8243; css=&#8221;.vc_custom_1542888219545{padding-top: 0px !important;}&#8221; mobile_bg_img_hidden=&#8221;no&#8221; woodmart_parallax=&#8221;0&#8243; woodmart_sticky_column=&#8221;false&#8221; parallax_scroll=&#8221;no&#8221; mobile_reset_margin=&#8221;no&#8221; tablet_reset_margin=&#8221;no&#8221;][vc_empty_space woodmart_hide_large=&#8221;0&#8243; woodmart_hide_medium=&#8221;0&#8243; woodmart_hide_small=&#8221;0&#8243; woodmart_hide_extra_small=&#8221;0&#8243;]\n\t\t<div id=\"wd-5e8ca581a1743\" class=\"title-wrapper  woodmart-title-color-default woodmart-title-style-default woodmart-title-width-100 text-left woodmart-title-size-default vc_custom_1586275718335\">\n\n\t\t\t\n\t\t\t<div class=\"liner-continer\">\n\t\t\t\t<span class=\"left-line\"><\/span>\n\t\t\t\t <h4 class=\"woodmart-title-container title  woodmart-font-weight-\" >COLONOSCOPIA<\/h4>\t\t\t\t \t\t\t\t<span class=\"right-line\"><\/span>\n\t\t\t<\/div>\n\t\t\t\n\t\t\t\t\t\t\n\t\t\t\n\t\t<\/div>\n\t\t\n\t\t[vc_row_inner][vc_column_inner width=&#8221;1\/2&#8243;]\t\n\t\t\t<div id=\"wd-5e83d08335e7a\" class=\"woodmart-text-block-wrapper color-scheme- woodmart-title-size-custom woodmart-title-width-100 text-left \">\n\t\t\t\t<div class=\"woodmart-title-container woodmart-text-block font-primary woodmart-font-weight-\">\n\t\t\t\t\tA COLONOSCOPIA \u00e9 um exame endosc\u00f3pico realizado por um M\u00e9dico Gastrenterologista, com recurso a um colonosc\u00f3pio, e que tem como objetivo a observa\u00e7\u00e3o do Reto e do C\u00f3lon (intestino grosso).<\/p>\n<p>Uma boa limpeza intestinal \u00e9 um requisito fundamental para o \u00eaxito da colonoscopia.<\/p>\n<p>Aqui encontra as modalidades de limpeza intestinal para exames ao intestino dependendo do hor\u00e1rio da sua marca\u00e7\u00e3o.<\/p>\n<p>Aconselhe-se connosco ou com o seu m\u00e9dico assistente sobre qual produto a tomar para a limpeza intestinal.<\/p>\n<p>Para os exames com seda\u00e7\u00e3o ter\u00e1 que preencher o inqu\u00e9rito pr\u00e9-seda\u00e7\u00e3o.\t\t\t\t<\/div>\n\t\t\t\t\t\t\t<\/div>\n\t\t<div id=\"wd-5e8ca8fb4c95c\" class=\"woodmart-button-wrapper text-right\"><a href=\"http:\/\/94.46.15.100\/~pinacabral\/index.php\/preparacoes-colonoscopia\/\" title=\"Prepara\u00e7\u00f5es Colonoscopia\" target=\"_blank\" class=\"btn btn-color-primary btn-style-default btn-shape-rectangle btn-size-small btn-full-width\">VER PREPARA\u00c7\u00d5ES<\/a><\/div>[\/vc_column_inner][vc_column_inner width=&#8221;1\/2&#8243;]\t\n\t\t\t<div id=\"wd-5e8ca5bbac886\" class=\"woodmart-text-block-wrapper color-scheme- woodmart-title-size-custom woodmart-title-width-100 text-left \">\n\t\t\t\t<div class=\"woodmart-title-container woodmart-text-block font-primary woodmart-font-weight-\">\n\t\t\t\t\tLeia com aten\u00e7\u00e3o a informa\u00e7\u00e3o disponibilizada nos documentos dispon\u00edveis nesta p\u00e1gina. N\u00e3o hesite em obter informa\u00e7\u00f5es adicionais questionando a equipa cl\u00ednica que lhe solicitou a colonoscopia ou a equipa cl\u00ednica que lha vai realizar.\t\t\t\t<\/div>\n\t\t\t\t\t\t\t<\/div>\n\t\t[\/vc_column_inner][\/vc_row_inner][\/vc_column][\/vc_row][vc_row full_width=&#8221;stretch_row&#8221; equal_height=&#8221;yes&#8221; css=&#8221;.vc_custom_1584068016396{margin-top: -45px !important;padding-bottom: 30px !important;background-position: 0 0 !important;background-repeat: no-repeat !important;}&#8221; mobile_bg_img_hidden=&#8221;no&#8221; woodmart_parallax=&#8221;0&#8243; woodmart_gradient_switch=&#8221;no&#8221; row_reverse_mobile=&#8221;0&#8243; row_reverse_tablet=&#8221;0&#8243; woodmart_disable_overflow=&#8221;0&#8243;][vc_column width=&#8221;3\/4&#8243; css=&#8221;.vc_custom_1542888219545{padding-top: 0px !important;}&#8221; mobile_bg_img_hidden=&#8221;no&#8221; woodmart_parallax=&#8221;0&#8243; woodmart_sticky_column=&#8221;false&#8221; parallax_scroll=&#8221;no&#8221; mobile_reset_margin=&#8221;no&#8221; tablet_reset_margin=&#8221;no&#8221;][vc_empty_space woodmart_hide_large=&#8221;0&#8243; woodmart_hide_medium=&#8221;0&#8243; woodmart_hide_small=&#8221;0&#8243; woodmart_hide_extra_small=&#8221;0&#8243;]\n\t\t<div id=\"wd-5e83d0104086c\" class=\"title-wrapper  woodmart-title-color-default woodmart-title-style-default woodmart-title-width-100 text-left woodmart-title-size-default vc_custom_1585696798114\">\n\n\t\t\t\n\t\t\t<div class=\"liner-continer\">\n\t\t\t\t<span class=\"left-line\"><\/span>\n\t\t\t\t <h4 class=\"woodmart-title-container title  woodmart-font-weight-\" >ENDOSCOPIA<\/h4>\t\t\t\t \t\t\t\t<span class=\"right-line\"><\/span>\n\t\t\t<\/div>\n\t\t\t\n\t\t\t\t\t\t\t<div class=\"title-after_title\">(marca\u00e7\u00f5es no per\u00edodo da tarde):<\/div>\n\t\t\t\t\t\t\n\t\t\t\n\t\t<\/div>\n\t\t\n\t\t[vc_row_inner][vc_column_inner]\t\n\t\t\t<div id=\"wd-5e83cffbcfd18\" class=\"woodmart-text-block-wrapper color-scheme- woodmart-title-size-custom woodmart-title-width-100 text-left \">\n\t\t\t\t<div class=\"woodmart-title-container woodmart-text-block font-primary woodmart-font-weight-\">\n\t\t\t\t\tA endoscopia digestiva alta \u00e9 um exame endosc\u00f3pico que permite a visualiza\u00e7\u00e3o direta do es\u00f3fago, est\u00f4mago e duodeno (a por\u00e7\u00e3o inicial do intestino delgado).<\/p>\n<p>Nesta p\u00e1gina pode descarregar um documento com informa\u00e7\u00f5es sobre o exame e a sua prepara\u00e7\u00e3o, com ou sem seda\u00e7\u00e3o (&#8220;anestesia&#8221;).<\/p>\n<p>Para os exames com seda\u00e7\u00e3o dever\u00e1 preencher o question\u00e1rio pr\u00e9-seda\u00e7\u00e3o.<\/p>\n<p>Leia com aten\u00e7\u00e3o a informa\u00e7\u00e3o disponibilizada nos documentos dispon\u00edveis nesta p\u00e1gina. N\u00e3o hesite em obter informa\u00e7\u00f5es adicionais questionando a equipa cl\u00ednica que lhe solicitou a endoscopia ou a equipa cl\u00ednica que lha vai realizar.\t\t\t\t<\/div>\n\t\t\t\t\t\t\t<\/div>\n\t\t[\/vc_column_inner][\/vc_row_inner][\/vc_column][vc_column width=&#8221;1\/4&#8243; css=&#8221;.vc_custom_1534240329851{padding-top: 0px !important;}&#8221;][vc_empty_space woodmart_hide_large=&#8221;0&#8243; woodmart_hide_medium=&#8221;0&#8243; woodmart_hide_small=&#8221;0&#8243; woodmart_hide_extra_small=&#8221;0&#8243;]\t\t<div class=\"promo-banner-wrapper\">\n\t\t\t<div id=\"wd-5e6af5116ca9f\" class=\"promo-banner banner-vr-align-top banner-hr-align-left banner- banner-hover-zoom color-scheme-light banner-btn-size-default banner-btn-style-default \"  >\n\n\t\t\t\t<div class=\"main-wrapp-img\">\n\t\t\t\t\t<div class=\"banner-image\">\n\t\t\t\t\t\t\t\t\t\t\t\t\t\t\t\t\t\t\t\t\t\t\t\t\t\t\t\t\t<img width=\"334\" height=\"500\" src=\"data:image\/jpg;base64,\/9j\/4AAQSkZJRgABAQEAYABgAAD\/\/gA7Q1JFQVRPUjogZ2QtanBlZyB2MS4wICh1c2luZyBJSkcgSlBFRyB2NjIpLCBxdWFsaXR5ID0gODIK\/9sAQwAGBAQFBAQGBQUFBgYGBwkOCQkICAkSDQ0KDhUSFhYVEhQUFxohHBcYHxkUFB0nHR8iIyUlJRYcKSwoJCshJCUk\/9sAQwEGBgYJCAkRCQkRJBgUGCQkJCQkJCQkJCQkJCQkJCQkJCQkJCQkJCQkJCQkJCQkJCQkJCQkJCQkJCQkJCQkJCQk\/8AAEQgADwAKAwEiAAIRAQMRAf\/EAB8AAAEFAQEBAQEBAAAAAAAAAAABAgMEBQYHCAkKC\/\/EALUQAAIBAwMCBAMFBQQEAAABfQECAwAEEQUSITFBBhNRYQcicRQygZGhCCNCscEVUtHwJDNicoIJChYXGBkaJSYnKCkqNDU2Nzg5OkNERUZHSElKU1RVVldYWVpjZGVmZ2hpanN0dXZ3eHl6g4SFhoeIiYqSk5SVlpeYmZqio6Slpqeoqaqys7S1tre4ubrCw8TFxsfIycrS09TV1tfY2drh4uPk5ebn6Onq8fLz9PX29\/j5+v\/EAB8BAAMBAQEBAQEBAQEAAAAAAAABAgMEBQYHCAkKC\/\/EALURAAIBAgQEAwQHBQQEAAECdwABAgMRBAUhMQYSQVEHYXETIjKBCBRCkaGxwQkjM1LwFWJy0QoWJDThJfEXGBkaJicoKSo1Njc4OTpDREVGR0hJSlNUVVZXWFlaY2RlZmdoaWpzdHV2d3h5eoKDhIWGh4iJipKTlJWWl5iZmqKjpKWmp6ipqrKztLW2t7i5usLDxMXGx8jJytLT1NXW19jZ2uLj5OXm5+jp6vLz9PX29\/j5+v\/aAAwDAQACEQMRAD8A9T8Rm117w1qenahaw6fa21yipc3u0o5GSWKkcLkdz0ORjipo9c1C3jSGLV7IRxgKoRMrgcDB2nIrz6\/8WRa\/pVxp91vntnvNs6u5XkAjK4Bxz\/KoJPAFncSNN5CJ5hL7VnOBnnA+TpWkIqKM\/ae0Wj0P\/9k=\" class=\"promo-banner-image image-1 attachment-full woodmart-lazy-load woodmart-lazy-fade\" alt=\"\" decoding=\"async\" loading=\"lazy\" srcset=\"\" sizes=\"(max-width: 334px) 100vw, 334px\" data-src=\"https:\/\/pinacabral.com\/wp-content\/uploads\/2020\/03\/500_F_235629545_jRw3ZFLFjLnt6QObWEZLOOa578aBJoVs.jpg\" data-srcset=\"https:\/\/pinacabral.com\/wp-content\/uploads\/2020\/03\/500_F_235629545_jRw3ZFLFjLnt6QObWEZLOOa578aBJoVs.jpg 334w, https:\/\/pinacabral.com\/wp-content\/uploads\/2020\/03\/500_F_235629545_jRw3ZFLFjLnt6QObWEZLOOa578aBJoVs-200x300.jpg 200w\" \/>\t\t\t\t\t\t\t\t\t\t\t\t\t\t\t\t\t\t<\/div>\n\t\t\t\t<\/div>\n\n\t\t\t\t<div class=\"wrapper-content-banner \">\n\t\t\t\t\t<div class=\"content-banner text-left content-width-100\">\n\t\t\t\t\t\t\t<div class=\"banner-title-wrap banner-title-default\"><\/div>\n\t\t\t\t\t\t\t\t\t\t\t\t\t\t\t\t\t<\/div>\n\t\t\t\t<\/div>\n\t\t\t\t<style><\/style>\t\t\t<\/div>\n\t\t<\/div>\n\t\t\n\t\t[\/vc_column][\/vc_row]<\/p>\n","protected":false},"excerpt":{"rendered":"<p>[vc_row full_width=&#8221;stretch_row&#8221; equal_height=&#8221;yes&#8221; css=&#8221;.vc_custom_1584068016396{margin-top: -45px !important;padding-bottom: 30px !important;background-position: 0 0 !important;background-repeat: no-repeat !important;}&#8221; mobile_bg_img_hidden=&#8221;no&#8221; woodmart_parallax=&#8221;0&#8243; woodmart_gradient_switch=&#8221;no&#8221; row_reverse_mobile=&#8221;0&#8243; row_reverse_tablet=&#8221;0&#8243; woodmart_disable_overflow=&#8221;0&#8243;][vc_column width=&#8221;1\/4&#8243;<\/p>\n","protected":false},"author":1,"featured_media":0,"parent":0,"menu_order":0,"comment_status":"closed","ping_status":"closed","template":"","meta":{"footnotes":""},"_links":{"self":[{"href":"https:\/\/pinacabral.com\/index.php\/wp-json\/wp\/v2\/pages\/1336"}],"collection":[{"href":"https:\/\/pinacabral.com\/index.php\/wp-json\/wp\/v2\/pages"}],"about":[{"href":"https:\/\/pinacabral.com\/index.php\/wp-json\/wp\/v2\/types\/page"}],"author":[{"embeddable":true,"href":"https:\/\/pinacabral.com\/index.php\/wp-json\/wp\/v2\/users\/1"}],"replies":[{"embeddable":true,"href":"https:\/\/pinacabral.com\/index.php\/wp-json\/wp\/v2\/comments?post=1336"}],"version-history":[{"count":44,"href":"https:\/\/pinacabral.com\/index.php\/wp-json\/wp\/v2\/pages\/1336\/revisions"}],"predecessor-version":[{"id":1535,"href":"https:\/\/pinacabral.com\/index.php\/wp-json\/wp\/v2\/pages\/1336\/revisions\/1535"}],"wp:attachment":[{"href":"https:\/\/pinacabral.com\/index.php\/wp-json\/wp\/v2\/media?parent=1336"}],"curies":[{"name":"wp","href":"https:\/\/api.w.org\/{rel}","templated":true}]}}